{"id":19,"date":"2023-11-09T07:25:27","date_gmt":"2023-11-09T10:25:27","guid":{"rendered":"http:\/\/apothekepharmars.com.br\/?page_id=19"},"modified":"2023-12-14T07:15:03","modified_gmt":"2023-12-14T10:15:03","slug":"nosso-dna","status":"publish","type":"page","link":"https:\/\/apothekepharmars.com.br\/?page_id=19","title":{"rendered":"Miss\u00e3o"},"content":{"rendered":"\n<p>Promover a sa\u00fade e o bem-estar de nossos clientes, oferecendo f\u00f3rmulas inteligentes e com alt\u00edssimo valor nutricional. Acreditamos que toda pessoa tem sua individualidade e por isso desenvolvemos formula\u00e7\u00f5es \u00fanicas, e nosso compromisso \u00e9 proporcionar produtos farmac\u00eauticos, nutrac\u00eauticos e dermatol\u00f3gicos de excel\u00eancia para ajudar nossos clientes a alcan\u00e7ar sua melhor vers\u00e3o maximizando sua sa\u00fade e bem estar.<\/p>\n\n\n\n<h2 class=\"wp-block-heading\">Nossa Vis\u00e3o<\/h2>\n\n\n\n<p>Ser reconhecida como a melhor farm\u00e1cia de manipula\u00e7\u00e3o do estado do Rio Grande do Sul, baseada em nossa paix\u00e3o pela excel\u00eancia em f\u00f3rmulas personalizadas e pelo aperfei\u00e7oamento constante. Queremos ser l\u00edderes na promo\u00e7\u00e3o da sa\u00fade e inova\u00e7\u00e3o farmac\u00eautica, sempre incorporando os mais elevados padr\u00f5es de qualidade em nossos produtos.<\/p>\n\n\n\n<h2 class=\"wp-block-heading\">Valores<\/h2>\n\n\n\n<p><strong>Compromisso com a Sa\u00fade:<\/strong> Priorizamos a sa\u00fade e o bem-estar de nossos clientes em tudo o que fazemos, desenvolvendo f\u00f3rmulas que contribuam para uma vida saud\u00e1vel.<\/p>\n\n\n\n<p><strong>Inova\u00e7\u00e3o e Excel\u00eancia: <\/strong>Buscamos constantemente aperfei\u00e7oar nossos produtos, pesquisando novas mat\u00e9rias-primas e formas farmac\u00eauticas para proporcionar solu\u00e7\u00f5es de alta qualidade.<\/p>\n\n\n\n<p><strong>Integridade e Transpar\u00eancia: <\/strong>Mantemos padr\u00f5es farmac\u00eauticos rigorosos em nossos produtos, desde a sele\u00e7\u00e3o criteriosa de fornecedores at\u00e9 a an\u00e1lise laboratorial de mat\u00e9rias-primas, garantindo a proced\u00eancia e a pureza.<\/p>\n\n\n\n<p><strong>Personaliza\u00e7\u00e3o: <\/strong>Reconhecemos a individualidade de cada cliente e adaptamos nossas f\u00f3rmulas de acordo com suas necessidades espec\u00edficas, oferecendo c\u00e1psulas sem corantes, excipientes e produtos dermatol\u00f3gicos sem alerg\u00eanicos<\/p>\n\n\n\n<p><strong>Sonho e Dedica\u00e7\u00e3o:<\/strong> Nossa farm\u00e1cia nasceu do sonho de proporcionar sa\u00fade e qualidade de vida. Trabalhamos com dedica\u00e7\u00e3o e paix\u00e3o para tornar esse sonho uma realidade para nossos clientes.<\/p>\n\n\n\n<p>A Farm\u00e1cia Apotheke Pharma est\u00e1 comprometida em oferecer produtos farmac\u00eauticos de alta qualidade, apoiando nossos clientes em sua jornada em busca de uma vida mais saud\u00e1vel e extraordin\u00e1ria.<\/p>\n","protected":false},"excerpt":{"rendered":"<p>Promover a sa\u00fade e o bem-estar de nossos clientes, oferecendo f\u00f3rmulas inteligentes e com alt\u00edssimo valor nutricional. Acreditamos que toda pessoa tem sua individualidade e por isso desenvolvemos formula\u00e7\u00f5es \u00fanicas,&hellip;<a href=\"https:\/\/apothekepharmars.com.br\/?page_id=19\" class=\"more-link\"><span class=\"more-button\">Leia Mais<span class=\"screen-reader-text\">Miss\u00e3o<\/span><\/span><\/a><\/p>\n","protected":false},"author":1,"featured_media":45,"parent":0,"menu_order":0,"comment_status":"closed","ping_status":"closed","template":"","meta":{"footnotes":""},"_links":{"self":[{"href":"https:\/\/apothekepharmars.com.br\/index.php?rest_route=\/wp\/v2\/pages\/19"}],"collection":[{"href":"https:\/\/apothekepharmars.com.br\/index.php?rest_route=\/wp\/v2\/pages"}],"about":[{"href":"https:\/\/apothekepharmars.com.br\/index.php?rest_route=\/wp\/v2\/types\/page"}],"author":[{"embeddable":true,"href":"https:\/\/apothekepharmars.com.br\/index.php?rest_route=\/wp\/v2\/users\/1"}],"replies":[{"embeddable":true,"href":"https:\/\/apothekepharmars.com.br\/index.php?rest_route=%2Fwp%2Fv2%2Fcomments&post=19"}],"version-history":[{"count":5,"href":"https:\/\/apothekepharmars.com.br\/index.php?rest_route=\/wp\/v2\/pages\/19\/revisions"}],"predecessor-version":[{"id":82,"href":"https:\/\/apothekepharmars.com.br\/index.php?rest_route=\/wp\/v2\/pages\/19\/revisions\/82"}],"wp:featuredmedia":[{"embeddable":true,"href":"https:\/\/apothekepharmars.com.br\/index.php?rest_route=\/wp\/v2\/media\/45"}],"wp:attachment":[{"href":"https:\/\/apothekepharmars.com.br\/index.php?rest_route=%2Fwp%2Fv2%2Fmedia&parent=19"}],"curies":[{"name":"wp","href":"https:\/\/api.w.org\/{rel}","templated":true}]}}